{"id":123,"date":"2024-07-01T14:14:14","date_gmt":"2024-07-01T14:14:14","guid":{"rendered":"https:\/\/feriendomizilaufderzollernalb.de\/?page_id=123"},"modified":"2024-12-20T11:49:57","modified_gmt":"2024-12-20T11:49:57","slug":"preise","status":"publish","type":"page","link":"https:\/\/feriendomizilaufderzollernalb.de\/?page_id=123","title":{"rendered":"Preise"},"content":{"rendered":"\n<p>Preise gelten pro Nacht. Die Mindestaufenthaltsdauer betr\u00e4gt 2 N\u00e4chte.<br>F\u00fcr Wandertouristen (wanderbares Deutschland) reservieren wir auch gerne einen Aufenthalt von nur&nbsp;1 \u00dcbernachtung;&nbsp;hier f\u00e4llt ein Kurzzeitzuschlag von +20 \u20ac an.<\/p>\n\n\n\n<figure class=\"wp-block-table\"><table><tbody><tr><th>Saison<\/th><th>Belegung 1\u20132 Personen<\/th><\/tr><tr><td>1. Oktober \u2013 31. M\u00e4rz<\/td><td>98 \u20ac<\/td><\/tr><tr><td>1. April \u2013 30. September<\/td><td>110 \u20ac<\/td><\/tr><tr><td>je weitere \u00dcbernachtungsperson<\/td><td>25 \u20ac<\/td><\/tr><tr><td>Reinigungspauschale ab 3 N\u00e4chte<\/td><td>59 \u20ac<\/td><\/tr><tr><td>Kurzreinigungspauschale bis 2 N\u00e4chte<\/td><td>29 \u20ac<\/td><\/tr><\/tbody><\/table><\/figure>\n\n\n\n<p>Sofern Sie auf Montage arbeiten und weitere Informationen f\u00fcr einen l\u00e4ngeren Aufenthalt ben\u00f6tigen, fragen Sie bei uns gerne an.<\/p>\n\n\n\n<p>Die Wohnung ist f\u00fcr 4 Personen ausgelegt mit normalen Betten und zus\u00e4tzlich gibt es noch ein Schlafsofa, sodass nochmals 2 Personen \u00fcbernachten k\u00f6nnten.<br><\/p>\n\n\n\n<p><strong>Hinweis:<\/strong>&nbsp;Seit Juli 2023 erhebt die Stadt Albstadt eine \u00dcbernachtungssteuer in H\u00f6he von 2 \u20ac pro Person und \u00dcbernachtung. Dieser Betrag ist in unserem Preis bereits enthalten.<\/p>\n","protected":false},"excerpt":{"rendered":"<p>Preise gelten pro Nacht. Die Mindestaufenthaltsdauer betr\u00e4gt 2 N\u00e4chte.F\u00fcr Wandertouristen (wanderbares Deutschland) reservieren wir auch gerne einen Aufenthalt von nur&nbsp;1 \u00dcbernachtung;&nbsp;hier f\u00e4llt ein Kurzzeitzuschlag von +20 \u20ac an. Saison Belegung 1\u20132 Personen 1. Oktober \u2013 31. M\u00e4rz 98 \u20ac 1. April \u2013 30. September 110 \u20ac je weitere \u00dcbernachtungsperson 25 \u20ac Reinigungspauschale ab 3 N\u00e4chte &hellip; <\/p>\n<p class=\"link-more\"><a href=\"https:\/\/feriendomizilaufderzollernalb.de\/?page_id=123\" class=\"more-link\">Mehr <span class=\"screen-reader-text\">\u00fcber &#8222;Preise&#8220; <\/span>Lesen<\/a><\/p>\n","protected":false},"author":1,"featured_media":0,"parent":0,"menu_order":0,"comment_status":"closed","ping_status":"closed","template":"","meta":{"footnotes":""},"class_list":["post-123","page","type-page","status-publish","hentry"],"featured_media_urls":[],"_links":{"self":[{"href":"https:\/\/feriendomizilaufderzollernalb.de\/index.php?rest_route=\/wp\/v2\/pages\/123","targetHints":{"allow":["GET"]}}],"collection":[{"href":"https:\/\/feriendomizilaufderzollernalb.de\/index.php?rest_route=\/wp\/v2\/pages"}],"about":[{"href":"https:\/\/feriendomizilaufderzollernalb.de\/index.php?rest_route=\/wp\/v2\/types\/page"}],"author":[{"embeddable":true,"href":"https:\/\/feriendomizilaufderzollernalb.de\/index.php?rest_route=\/wp\/v2\/users\/1"}],"replies":[{"embeddable":true,"href":"https:\/\/feriendomizilaufderzollernalb.de\/index.php?rest_route=%2Fwp%2Fv2%2Fcomments&post=123"}],"version-history":[{"count":9,"href":"https:\/\/feriendomizilaufderzollernalb.de\/index.php?rest_route=\/wp\/v2\/pages\/123\/revisions"}],"predecessor-version":[{"id":206,"href":"https:\/\/feriendomizilaufderzollernalb.de\/index.php?rest_route=\/wp\/v2\/pages\/123\/revisions\/206"}],"wp:attachment":[{"href":"https:\/\/feriendomizilaufderzollernalb.de\/index.php?rest_route=%2Fwp%2Fv2%2Fmedia&parent=123"}],"curies":[{"name":"wp","href":"https:\/\/api.w.org\/{rel}","templated":true}]}}