{"id":133,"date":"2024-07-01T14:50:08","date_gmt":"2024-07-01T14:50:08","guid":{"rendered":"https:\/\/feriendomizilaufderzollernalb.de\/?page_id=133"},"modified":"2024-07-01T20:18:05","modified_gmt":"2024-07-01T20:18:05","slug":"unsere-inklusivleistungen","status":"publish","type":"page","link":"https:\/\/feriendomizilaufderzollernalb.de\/?page_id=133","title":{"rendered":"Unsere Inklusivleistungen"},"content":{"rendered":"\n<ul class=\"wp-block-list\">\n<li>Verschiedene Teesorten<\/li>\n\n\n\n<li>Diverse Gew\u00fcrze<\/li>\n\n\n\n<li>Geschirrsp\u00fcltabs<\/li>\n\n\n\n<li>Sp\u00fclmittel<\/li>\n\n\n\n<li>Frischhaltefolie und Backpapier<\/li>\n\n\n\n<li>Geschirr- und Handt\u00fccher in der K\u00fcche<\/li>\n\n\n\n<li>Diverse Reinigungsmittel und -utensilien<\/li>\n<\/ul>\n\n\n\n<div style=\"height:70px\" aria-hidden=\"true\" class=\"wp-block-spacer\"><\/div>\n\n\n\n<ul class=\"wp-block-list\">\n<li>Fl\u00fcssigseife in allen sanit\u00e4ren Bereichen<\/li>\n\n\n\n<li>Verschiedene Pflegeprodukte im Bad<\/li>\n\n\n\n<li>F\u00f6hn<\/li>\n\n\n\n<li>F\u00fcr jeden Gast werden ausreichend Handt\u00fccher und Duscht\u00fccher bereitgestellt<\/li>\n\n\n\n<li>Die Betten sind bereits bezogen<\/li>\n\n\n\n<li>Sat TV \/ WLAN<\/li>\n\n\n\n<li>B\u00fcgelbrett inkl. B\u00fcgeleisen<\/li>\n\n\n\n<li>Klappw\u00e4schest\u00e4nder<\/li>\n\n\n\n<li>Parkplatz vor dem Haus<\/li>\n\n\n\n<li>Erste Hilfe Tasche<\/li>\n\n\n\n<li>Gr\u00fcndliche Endreinigung<\/li>\n<\/ul>\n\n\n\n<div style=\"height:68px\" aria-hidden=\"true\" class=\"wp-block-spacer\"><\/div>\n\n\n\n<h2 class=\"wp-block-heading\">Zusatz:<\/h2>\n\n\n\n<p>Sie m\u00f6chten eine Fahrradtour machen? Haben jedoch keine Bikes oder keine M\u00f6glichkeit diese mit zu bringen: Gegen eine Pauschale haben Sie die M\u00f6glichkeit bei uns E-Bikes auszuleihen, um damit die Gegend zu erkunden.<\/p>\n\n\n\n<p>Sie w\u00fcnschen sich einen bereits gef\u00fcllten K\u00fchlschrank mit Produkten ihrer Wahl? Gegen eine kleine Pauschale erf\u00fcllen wir Ihnen auch gern diesen Wunsch.<\/p>\n","protected":false},"excerpt":{"rendered":"<p>Zusatz: Sie m\u00f6chten eine Fahrradtour machen? Haben jedoch keine Bikes oder keine M\u00f6glichkeit diese mit zu bringen: Gegen eine Pauschale haben Sie die M\u00f6glichkeit bei uns E-Bikes auszuleihen, um damit die Gegend zu erkunden. Sie w\u00fcnschen sich einen bereits gef\u00fcllten K\u00fchlschrank mit Produkten ihrer Wahl? Gegen eine kleine Pauschale erf\u00fcllen wir Ihnen auch gern diesen &hellip; <\/p>\n<p class=\"link-more\"><a href=\"https:\/\/feriendomizilaufderzollernalb.de\/?page_id=133\" class=\"more-link\">Mehr <span class=\"screen-reader-text\">\u00fcber &#8222;Unsere Inklusivleistungen&#8220; <\/span>Lesen<\/a><\/p>\n","protected":false},"author":1,"featured_media":0,"parent":0,"menu_order":0,"comment_status":"closed","ping_status":"closed","template":"","meta":{"footnotes":""},"class_list":["post-133","page","type-page","status-publish","hentry"],"featured_media_urls":[],"_links":{"self":[{"href":"https:\/\/feriendomizilaufderzollernalb.de\/index.php?rest_route=\/wp\/v2\/pages\/133","targetHints":{"allow":["GET"]}}],"collection":[{"href":"https:\/\/feriendomizilaufderzollernalb.de\/index.php?rest_route=\/wp\/v2\/pages"}],"about":[{"href":"https:\/\/feriendomizilaufderzollernalb.de\/index.php?rest_route=\/wp\/v2\/types\/page"}],"author":[{"embeddable":true,"href":"https:\/\/feriendomizilaufderzollernalb.de\/index.php?rest_route=\/wp\/v2\/users\/1"}],"replies":[{"embeddable":true,"href":"https:\/\/feriendomizilaufderzollernalb.de\/index.php?rest_route=%2Fwp%2Fv2%2Fcomments&post=133"}],"version-history":[{"count":4,"href":"https:\/\/feriendomizilaufderzollernalb.de\/index.php?rest_route=\/wp\/v2\/pages\/133\/revisions"}],"predecessor-version":[{"id":150,"href":"https:\/\/feriendomizilaufderzollernalb.de\/index.php?rest_route=\/wp\/v2\/pages\/133\/revisions\/150"}],"wp:attachment":[{"href":"https:\/\/feriendomizilaufderzollernalb.de\/index.php?rest_route=%2Fwp%2Fv2%2Fmedia&parent=133"}],"curies":[{"name":"wp","href":"https:\/\/api.w.org\/{rel}","templated":true}]}}