{"id":60,"date":"2024-07-01T07:06:34","date_gmt":"2024-07-01T07:06:34","guid":{"rendered":"https:\/\/feriendomizilaufderzollernalb.de\/?page_id=60"},"modified":"2024-07-04T11:41:40","modified_gmt":"2024-07-04T11:41:40","slug":"impressum","status":"publish","type":"page","link":"https:\/\/feriendomizilaufderzollernalb.de\/?page_id=60","title":{"rendered":"Impressum"},"content":{"rendered":"\n<p>Marinela Schumann<\/p>\n\n\n\n<p>Tierbergersta\u00dfe 20<\/p>\n\n\n\n<p>72459 Albstadt-Lautlingen<\/p>\n\n\n\n<p>info@feriendomizilaufderzollernalb.de<\/p>\n\n\n\n<p>0159\/01882482<\/p>\n\n\n\n<p><strong>Diese Seite ist Homepage von:<br><\/strong>Marinela Schumann<br><em>Ferienwohnung<\/em><br>Tierbergerstra\u00dfe 20<br>72459 Albstadt-Lautlingen<\/p>\n\n\n\n<p><strong>Kontakt:<br><\/strong>Telefon: +49-15901882482<br>E-Mail:\u00a0<a href=\"mailto:ulrike@mueller-maute.de\">info@feriendomizilaufderzollernalb.de<\/a><\/p>\n\n\n\n<p><strong>Verantwortlich nach \u00a7 6 Abs.2 MDSt<br><\/strong>Marinela Schumann<br>Tierbergerstra\u00dfe 20<br>72459 Albstadt-Lautlingen<\/p>\n\n\n\n<p><strong>Homepagegestalltung:<br><\/strong>Philipp Schumann<\/p>\n\n\n\n<p><strong>Online-Streitbeilegung:<br><\/strong>Hinweis zur Online-Streitbeilegung gem\u00e4\u00df Art. 14 Abs. 1 ODR-VO: Die Europ\u00e4ische Kommission stellt eine Plattform zur Online-Streitbeilegung (OS) bereit, die Sie unter&nbsp;<a href=\"https:\/\/news.dtvdata.de\/ncopen.php?nid=3016&amp;aid=39629&amp;apid=0&amp;url=http:\/\/ec.europa.eu\/consumers\/odr\/\">http:\/\/ec.europa.eu\/consumers\/odr\/<\/a>&nbsp;finden.<\/p>\n\n\n\n<p><strong>Gerichtsstand:<\/strong><\/p>\n\n\n\n<p>Im Falle einer Streitigkeit zwischen Gastgeber und Mieter gilt die \u00f6rtliche Zust\u00e4ndigkeit des Amtsgerichts Albstadt bzw. des Landgerichts Hechingen als vereinbart.<\/p>\n","protected":false},"excerpt":{"rendered":"<p>Marinela Schumann Tierbergersta\u00dfe 20 72459 Albstadt-Lautlingen info@feriendomizilaufderzollernalb.de 0159\/01882482 Diese Seite ist Homepage von:Marinela SchumannFerienwohnungTierbergerstra\u00dfe 2072459 Albstadt-Lautlingen Kontakt:Telefon: +49-15901882482E-Mail:\u00a0info@feriendomizilaufderzollernalb.de Verantwortlich nach \u00a7 6 Abs.2 MDStMarinela SchumannTierbergerstra\u00dfe 2072459 Albstadt-Lautlingen Homepagegestalltung:Philipp Schumann Online-Streitbeilegung:Hinweis zur Online-Streitbeilegung gem\u00e4\u00df Art. 14 Abs. 1 ODR-VO: Die Europ\u00e4ische Kommission stellt eine Plattform zur Online-Streitbeilegung (OS) bereit, die Sie unter&nbsp;http:\/\/ec.europa.eu\/consumers\/odr\/&nbsp;finden. Gerichtsstand: Im Falle einer &hellip; <\/p>\n<p class=\"link-more\"><a href=\"https:\/\/feriendomizilaufderzollernalb.de\/?page_id=60\" class=\"more-link\">Mehr <span class=\"screen-reader-text\">\u00fcber &#8222;Impressum&#8220; <\/span>Lesen<\/a><\/p>\n","protected":false},"author":1,"featured_media":0,"parent":0,"menu_order":0,"comment_status":"closed","ping_status":"closed","template":"","meta":{"footnotes":""},"class_list":["post-60","page","type-page","status-publish","hentry"],"featured_media_urls":[],"_links":{"self":[{"href":"https:\/\/feriendomizilaufderzollernalb.de\/index.php?rest_route=\/wp\/v2\/pages\/60","targetHints":{"allow":["GET"]}}],"collection":[{"href":"https:\/\/feriendomizilaufderzollernalb.de\/index.php?rest_route=\/wp\/v2\/pages"}],"about":[{"href":"https:\/\/feriendomizilaufderzollernalb.de\/index.php?rest_route=\/wp\/v2\/types\/page"}],"author":[{"embeddable":true,"href":"https:\/\/feriendomizilaufderzollernalb.de\/index.php?rest_route=\/wp\/v2\/users\/1"}],"replies":[{"embeddable":true,"href":"https:\/\/feriendomizilaufderzollernalb.de\/index.php?rest_route=%2Fwp%2Fv2%2Fcomments&post=60"}],"version-history":[{"count":4,"href":"https:\/\/feriendomizilaufderzollernalb.de\/index.php?rest_route=\/wp\/v2\/pages\/60\/revisions"}],"predecessor-version":[{"id":172,"href":"https:\/\/feriendomizilaufderzollernalb.de\/index.php?rest_route=\/wp\/v2\/pages\/60\/revisions\/172"}],"wp:attachment":[{"href":"https:\/\/feriendomizilaufderzollernalb.de\/index.php?rest_route=%2Fwp%2Fv2%2Fmedia&parent=60"}],"curies":[{"name":"wp","href":"https:\/\/api.w.org\/{rel}","templated":true}]}}